{"id":2071,"date":"2023-04-05T13:25:03","date_gmt":"2023-04-05T13:25:03","guid":{"rendered":"https:\/\/themisfiskeri.kompas360.dk\/integritetspolicy\/"},"modified":"2023-05-30T07:58:22","modified_gmt":"2023-05-30T07:58:22","slug":"integritetspolicy","status":"publish","type":"page","link":"https:\/\/themisfiskeri.dk\/sv\/integritetspolicy\/","title":{"rendered":"Integritetspolicy"},"content":{"rendered":"\t\t<div data-elementor-type=\"wp-page\" data-elementor-id=\"2071\" class=\"elementor elementor-2071 elementor-608\">\n\t\t\t\t\t\t\t\t\t<section class=\"elementor-section elementor-top-section elementor-element elementor-element-3a82fca elementor-section-height-min-height elementor-section-boxed elementor-section-height-default elementor-section-items-middle\" data-id=\"3a82fca\" data-element_type=\"section\" data-settings=\"{&quot;background_background&quot;:&quot;classic&quot;}\">\n\t\t\t\t\t\t\t<div class=\"elementor-background-overlay\"><\/div>\n\t\t\t\t\t\t\t<div class=\"elementor-container elementor-column-gap-default\">\n\t\t\t\t\t<div class=\"elementor-column elementor-col-100 elementor-top-column elementor-element elementor-element-a26f92a\" data-id=\"a26f92a\" data-element_type=\"column\">\n\t\t\t<div class=\"elementor-widget-wrap\">\n\t\t\t\t\t\t\t\t\t<\/div>\n\t\t<\/div>\n\t\t\t\t\t\t\t<\/div>\n\t\t<\/section>\n\t\t\t\t<section class=\"elementor-section elementor-top-section elementor-element elementor-element-d576aef elementor-section-boxed elementor-section-height-default elementor-section-height-default\" data-id=\"d576aef\" data-element_type=\"section\">\n\t\t\t\t\t\t<div class=\"elementor-container elementor-column-gap-default\">\n\t\t\t\t\t<div class=\"elementor-column elementor-col-100 elementor-top-column elementor-element elementor-element-2022ada\" data-id=\"2022ada\" data-element_type=\"column\">\n\t\t\t<div class=\"elementor-widget-wrap elementor-element-populated\">\n\t\t\t\t\t\t\t\t<div class=\"elementor-element elementor-element-8ec7462 elementor-widget elementor-widget-heading\" data-id=\"8ec7462\" data-element_type=\"widget\" data-widget_type=\"heading.default\">\n\t\t\t\t<div class=\"elementor-widget-container\">\n\t\t\t<style>\/*! elementor - v3.11.3 - 07-03-2023 *\/\n.elementor-heading-title{padding:0;margin:0;line-height:1}.elementor-widget-heading .elementor-heading-title[class*=elementor-size-]>a{color:inherit;font-size:inherit;line-height:inherit}.elementor-widget-heading .elementor-heading-title.elementor-size-small{font-size:15px}.elementor-widget-heading .elementor-heading-title.elementor-size-medium{font-size:19px}.elementor-widget-heading .elementor-heading-title.elementor-size-large{font-size:29px}.elementor-widget-heading .elementor-heading-title.elementor-size-xl{font-size:39px}.elementor-widget-heading .elementor-heading-title.elementor-size-xxl{font-size:59px}<\/style><h2 class=\"elementor-heading-title elementor-size-default\">Integritetspolicy<\/h2>\t\t<\/div>\n\t\t\t\t<\/div>\n\t\t\t\t<div class=\"elementor-element elementor-element-a744afa elementor-widget elementor-widget-text-editor\" data-id=\"a744afa\" data-element_type=\"widget\" data-widget_type=\"text-editor.default\">\n\t\t\t\t<div class=\"elementor-widget-container\">\n\t\t\t<style>\/*! elementor - v3.11.3 - 07-03-2023 *\/\n.elementor-widget-text-editor.elementor-drop-cap-view-stacked .elementor-drop-cap{background-color:#818a91;color:#fff}.elementor-widget-text-editor.elementor-drop-cap-view-framed .elementor-drop-cap{color:#818a91;border:3px solid;background-color:transparent}.elementor-widget-text-editor:not(.elementor-drop-cap-view-default) .elementor-drop-cap{margin-top:8px}.elementor-widget-text-editor:not(.elementor-drop-cap-view-default) .elementor-drop-cap-letter{width:1em;height:1em}.elementor-widget-text-editor .elementor-drop-cap{float:left;text-align:center;line-height:1;font-size:50px}.elementor-widget-text-editor .elementor-drop-cap-letter{display:inline-block}<\/style>\t\t\t\t<p>Sekretesspolicy f\u00f6r THEMIS FISKERI A\/S<\/p>\n<p>Vi samlar endast in personuppgifter i de fall de \u00e4r relevanta f\u00f6r oss, och vi kommer endast att samla in personuppgifter om de \u00e4r relevanta f\u00f6r din verksamhet hos THEMIS FISKERI A\/S.<\/p>\n<p>N\u00e4r vi samlar in, behandlar och anv\u00e4nder dina personuppgifter f\u00f6ljer vi alltid alla relevanta r\u00e4ttsliga best\u00e4mmelser.<\/p>\n<p>Vi kommer endast att beh\u00e5lla dina personuppgifter s\u00e5 l\u00e4nge som vi antingen \u00e4r skyldiga att g\u00f6ra det enligt lag eller s\u00e5 l\u00e4nge som de \u00e4r relevanta f\u00f6r det \u00e4ndam\u00e5l f\u00f6r vilket de samlades in.<\/p>\n<\/p>\n<p>Information som vi samlar in<\/p>\n<p>Om du vill k\u00f6pa och ta emot en produkt eller tj\u00e4nst fr\u00e5n oss m\u00e5ste vi samla in vissa personuppgifter f\u00f6r att kunna genomf\u00f6ra transaktionen och erbjuda dig v\u00e5ra tj\u00e4nster. Vi kan anv\u00e4nda cookies f\u00f6r att h\u00e5lla reda p\u00e5 inneh\u00e5llet i din varukorg n\u00e4r du anv\u00e4nder v\u00e5r webbshop.<\/p>\n<p>Vi kan samla in information som namn, e-postadress, postadress, leveransadress (om den skiljer sig fr\u00e5n postadressen), telefonnummer och betalningsuppgifter.<\/p>\n<p>THEMIS FISKERI A\/S samlar in och behandlar dina personuppgifter n\u00e4r du g\u00f6r f\u00f6ljande:<\/p>\n<p>&#8211; Bes\u00f6k v\u00e5r webbplats<\/p>\n<p>&#8211; Skicka fr\u00e5gor, klagom\u00e5l eller feedback till oss<\/p>\n<\/p>\n<p>Den personuppgiftsansvarige<\/p>\n<p>Personuppgiftsansvarig f\u00f6r insamling, bearbetning och anv\u00e4ndning av dina personuppgifter p\u00e5 www.themisfiskeri.dk \u00e4r THEMIS FISKERI A\/S, Vestkajen 8, 9990 Skagen, cvr nr. 33243243<\/p>\n<\/p>\n<p>Behandlingsgrund och syfte<\/p>\n<p>Vi samlar in dina allm\u00e4nna kontaktuppgifter som namn och adress f\u00f6r att kunna leverera den produkt eller tj\u00e4nst som du har k\u00f6pt av oss. Vi samlar in din e-postadress f\u00f6r att kunna skicka en orderbekr\u00e4ftelse och leveransbekr\u00e4ftelse till dig.<\/p>\n<p>Dina uppgifter (utom din e-postadress om du har samtyckt till att den behandlas i syfte att ta emot erbjudanden) raderas 2 \u00e5r efter det att du har mottagit din produkt eller tj\u00e4nst.<\/p>\n<\/p>\n<p>Andra mottagare av personuppgifter<\/p>\n<p>Vi s\u00e4ljer inte dina personuppgifter till tredje part och vi \u00f6verf\u00f6r inte dina personuppgifter till tredje land.<\/p>\n<p>Vi hostar v\u00e5r webbplats hos Curanet, som fungerar som v\u00e5rt personuppgiftsbitr\u00e4de. Alla personuppgifter som du l\u00e4mnar p\u00e5 v\u00e5r webbplats kommer att lagras i Curanets datacenter.<\/p>\n<p>Vi anv\u00e4nder externa f\u00f6retag som leverant\u00f6rer f\u00f6r att kunna leverera v\u00e5ra tj\u00e4nster p\u00e5 b\u00e4sta m\u00f6jliga s\u00e4tt. Dessa externa leverant\u00f6rer \u00e4r personuppgiftsbitr\u00e4den och behandlar i vissa fall personuppgifter i samband med att de tillhandah\u00e5ller tj\u00e4nster till oss. V\u00e5ra personuppgiftsbitr\u00e4den behandlar endast personuppgifter enligt v\u00e5ra instruktioner och i enlighet med de r\u00e4ttsliga krav som g\u00e4ller f\u00f6r personuppgiftsbitr\u00e4den.<\/p>\n<p>Vi har ing\u00e5tt databehandlingsavtal med v\u00e5ra personuppgiftsbitr\u00e4den, vilket \u00e4r v\u00e5r garanti f\u00f6r att de f\u00f6ljer till\u00e4mpliga regler om skydd av dina personuppgifter.<\/p>\n<\/p>\n<p>Dina r\u00e4ttigheter<\/p>\n<p>Som registrerad har du ett antal r\u00e4ttigheter som vi alltid m\u00e5ste se till att de uppfylls. Du har r\u00e4tt att beg\u00e4ra f\u00f6ljande:<br \/>&#8211; Att f\u00e5 tillg\u00e5ng till och korrigera\/\u00e4ndra dina personuppgifter<br \/>&#8211; Att f\u00e5 personuppgifter raderade<\/p>\n<p>Dessutom har du r\u00e4tt att inv\u00e4nda mot behandlingen av dina personuppgifter och du har r\u00e4tt att l\u00e4mna in ett klagom\u00e5l till en dataskyddsmyndighet.<\/p>\n<p>Om du inte l\u00e4ngre vill att vi ska behandla dina personuppgifter eller begr\u00e4nsa behandlingen av dina personuppgifter kan du ocks\u00e5 skicka oss en beg\u00e4ran till v\u00e5r e-postadress elizabeth@themis.se.<\/p><\/p>\n\t\t\t\t\t\t<\/div>\n\t\t\t\t<\/div>\n\t\t\t\t\t<\/div>\n\t\t<\/div>\n\t\t\t\t\t\t\t<\/div>\n\t\t<\/section>\n\t\t\t\t\t\t\t<\/div>\n\t\t","protected":false},"excerpt":{"rendered":"<p>Integritetspolicy Sekretesspolicy f\u00f6r THEMIS FISKERI A\/S Vi samlar endast in personuppgifter i de fall de \u00e4r relevanta f\u00f6r oss, och vi kommer endast att samla in personuppgifter om de \u00e4r relevanta f\u00f6r din verksamhet hos THEMIS FISKERI A\/S. N\u00e4r vi samlar in, behandlar och anv\u00e4nder dina personuppgifter f\u00f6ljer vi alltid alla relevanta r\u00e4ttsliga best\u00e4mmelser. Vi [&hellip;]<\/p>\n","protected":false},"author":2,"featured_media":0,"parent":0,"menu_order":0,"comment_status":"closed","ping_status":"closed","template":"","meta":{"footnotes":""},"class_list":["post-2071","page","type-page","status-publish","hentry"],"yoast_head":"<!-- This site is optimized with the Yoast SEO plugin v20.8 - https:\/\/yoast.com\/wordpress\/plugins\/seo\/ -->\n<title>Integritetspolicy - Themis Fiskeri A\/S<\/title>\n<meta name=\"robots\" content=\"index, follow, max-snippet:-1, max-image-preview:large, max-video-preview:-1\" \/>\n<link rel=\"canonical\" href=\"https:\/\/themisfiskeri.dk\/sv\/integritetspolicy\/\" \/>\n<meta property=\"og:locale\" content=\"sv_SE\" \/>\n<meta property=\"og:type\" content=\"article\" \/>\n<meta property=\"og:title\" content=\"Integritetspolicy - Themis Fiskeri A\/S\" \/>\n<meta property=\"og:description\" content=\"Integritetspolicy Sekretesspolicy f\u00f6r THEMIS FISKERI A\/S Vi samlar endast in personuppgifter i de fall de \u00e4r relevanta f\u00f6r oss, och vi kommer endast att samla in personuppgifter om de \u00e4r relevanta f\u00f6r din verksamhet hos THEMIS FISKERI A\/S. N\u00e4r vi samlar in, behandlar och anv\u00e4nder dina personuppgifter f\u00f6ljer vi alltid alla relevanta r\u00e4ttsliga best\u00e4mmelser. Vi [&hellip;]\" \/>\n<meta property=\"og:url\" content=\"https:\/\/themisfiskeri.dk\/sv\/integritetspolicy\/\" \/>\n<meta property=\"og:site_name\" content=\"Themis Fiskeri A\/S\" \/>\n<meta property=\"article:publisher\" content=\"https:\/\/www.facebook.com\/groups\/324376388354339\/\" \/>\n<meta property=\"article:modified_time\" content=\"2023-05-30T07:58:22+00:00\" \/>\n<meta name=\"twitter:card\" content=\"summary_large_image\" \/>\n<meta name=\"twitter:label1\" content=\"Ber\u00e4knad l\u00e4stid\" \/>\n\t<meta name=\"twitter:data1\" content=\"3 minuter\" \/>\n<script type=\"application\/ld+json\" class=\"yoast-schema-graph\">{\"@context\":\"https:\/\/schema.org\",\"@graph\":[{\"@type\":\"WebPage\",\"@id\":\"https:\/\/themisfiskeri.dk\/sv\/integritetspolicy\/\",\"url\":\"https:\/\/themisfiskeri.dk\/sv\/integritetspolicy\/\",\"name\":\"Integritetspolicy - Themis Fiskeri A\/S\",\"isPartOf\":{\"@id\":\"https:\/\/themisfiskeri.dk\/#website\"},\"datePublished\":\"2023-04-05T13:25:03+00:00\",\"dateModified\":\"2023-05-30T07:58:22+00:00\",\"breadcrumb\":{\"@id\":\"https:\/\/themisfiskeri.dk\/sv\/integritetspolicy\/#breadcrumb\"},\"inLanguage\":\"sv-SE\",\"potentialAction\":[{\"@type\":\"ReadAction\",\"target\":[\"https:\/\/themisfiskeri.dk\/sv\/integritetspolicy\/\"]}]},{\"@type\":\"BreadcrumbList\",\"@id\":\"https:\/\/themisfiskeri.dk\/sv\/integritetspolicy\/#breadcrumb\",\"itemListElement\":[{\"@type\":\"ListItem\",\"position\":1,\"name\":\"Hjem\",\"item\":\"https:\/\/themisfiskeri.dk\/\"},{\"@type\":\"ListItem\",\"position\":2,\"name\":\"Integritetspolicy\"}]},{\"@type\":\"WebSite\",\"@id\":\"https:\/\/themisfiskeri.dk\/#website\",\"url\":\"https:\/\/themisfiskeri.dk\/\",\"name\":\"Themis Fiskeri A\/S\",\"description\":\"\",\"publisher\":{\"@id\":\"https:\/\/themisfiskeri.dk\/#organization\"},\"potentialAction\":[{\"@type\":\"SearchAction\",\"target\":{\"@type\":\"EntryPoint\",\"urlTemplate\":\"https:\/\/themisfiskeri.dk\/?s={search_term_string}\"},\"query-input\":\"required name=search_term_string\"}],\"inLanguage\":\"sv-SE\"},{\"@type\":\"Organization\",\"@id\":\"https:\/\/themisfiskeri.dk\/#organization\",\"name\":\"Themis Fiskeri A\/S\",\"url\":\"https:\/\/themisfiskeri.dk\/\",\"logo\":{\"@type\":\"ImageObject\",\"inLanguage\":\"sv-SE\",\"@id\":\"https:\/\/themisfiskeri.dk\/#\/schema\/logo\/image\/\",\"url\":\"https:\/\/themisfiskeri.dk\/wp-content\/uploads\/2023\/03\/cropped-logo-1.png\",\"contentUrl\":\"https:\/\/themisfiskeri.dk\/wp-content\/uploads\/2023\/03\/cropped-logo-1.png\",\"width\":680,\"height\":170,\"caption\":\"Themis Fiskeri A\/S\"},\"image\":{\"@id\":\"https:\/\/themisfiskeri.dk\/#\/schema\/logo\/image\/\"},\"sameAs\":[\"https:\/\/www.facebook.com\/groups\/324376388354339\/\",\"https:\/\/www.instagram.com\/s144themis\/\"]}]}<\/script>\n<!-- \/ Yoast SEO plugin. -->","yoast_head_json":{"title":"Integritetspolicy - Themis Fiskeri A\/S","robots":{"index":"index","follow":"follow","max-snippet":"max-snippet:-1","max-image-preview":"max-image-preview:large","max-video-preview":"max-video-preview:-1"},"canonical":"https:\/\/themisfiskeri.dk\/sv\/integritetspolicy\/","og_locale":"sv_SE","og_type":"article","og_title":"Integritetspolicy - Themis Fiskeri A\/S","og_description":"Integritetspolicy Sekretesspolicy f\u00f6r THEMIS FISKERI A\/S Vi samlar endast in personuppgifter i de fall de \u00e4r relevanta f\u00f6r oss, och vi kommer endast att samla in personuppgifter om de \u00e4r relevanta f\u00f6r din verksamhet hos THEMIS FISKERI A\/S. N\u00e4r vi samlar in, behandlar och anv\u00e4nder dina personuppgifter f\u00f6ljer vi alltid alla relevanta r\u00e4ttsliga best\u00e4mmelser. Vi [&hellip;]","og_url":"https:\/\/themisfiskeri.dk\/sv\/integritetspolicy\/","og_site_name":"Themis Fiskeri A\/S","article_publisher":"https:\/\/www.facebook.com\/groups\/324376388354339\/","article_modified_time":"2023-05-30T07:58:22+00:00","twitter_card":"summary_large_image","twitter_misc":{"Ber\u00e4knad l\u00e4stid":"3 minuter"},"schema":{"@context":"https:\/\/schema.org","@graph":[{"@type":"WebPage","@id":"https:\/\/themisfiskeri.dk\/sv\/integritetspolicy\/","url":"https:\/\/themisfiskeri.dk\/sv\/integritetspolicy\/","name":"Integritetspolicy - Themis Fiskeri A\/S","isPartOf":{"@id":"https:\/\/themisfiskeri.dk\/#website"},"datePublished":"2023-04-05T13:25:03+00:00","dateModified":"2023-05-30T07:58:22+00:00","breadcrumb":{"@id":"https:\/\/themisfiskeri.dk\/sv\/integritetspolicy\/#breadcrumb"},"inLanguage":"sv-SE","potentialAction":[{"@type":"ReadAction","target":["https:\/\/themisfiskeri.dk\/sv\/integritetspolicy\/"]}]},{"@type":"BreadcrumbList","@id":"https:\/\/themisfiskeri.dk\/sv\/integritetspolicy\/#breadcrumb","itemListElement":[{"@type":"ListItem","position":1,"name":"Hjem","item":"https:\/\/themisfiskeri.dk\/"},{"@type":"ListItem","position":2,"name":"Integritetspolicy"}]},{"@type":"WebSite","@id":"https:\/\/themisfiskeri.dk\/#website","url":"https:\/\/themisfiskeri.dk\/","name":"Themis Fiskeri A\/S","description":"","publisher":{"@id":"https:\/\/themisfiskeri.dk\/#organization"},"potentialAction":[{"@type":"SearchAction","target":{"@type":"EntryPoint","urlTemplate":"https:\/\/themisfiskeri.dk\/?s={search_term_string}"},"query-input":"required name=search_term_string"}],"inLanguage":"sv-SE"},{"@type":"Organization","@id":"https:\/\/themisfiskeri.dk\/#organization","name":"Themis Fiskeri A\/S","url":"https:\/\/themisfiskeri.dk\/","logo":{"@type":"ImageObject","inLanguage":"sv-SE","@id":"https:\/\/themisfiskeri.dk\/#\/schema\/logo\/image\/","url":"https:\/\/themisfiskeri.dk\/wp-content\/uploads\/2023\/03\/cropped-logo-1.png","contentUrl":"https:\/\/themisfiskeri.dk\/wp-content\/uploads\/2023\/03\/cropped-logo-1.png","width":680,"height":170,"caption":"Themis Fiskeri A\/S"},"image":{"@id":"https:\/\/themisfiskeri.dk\/#\/schema\/logo\/image\/"},"sameAs":["https:\/\/www.facebook.com\/groups\/324376388354339\/","https:\/\/www.instagram.com\/s144themis\/"]}]}},"_links":{"self":[{"href":"https:\/\/themisfiskeri.dk\/sv\/wp-json\/wp\/v2\/pages\/2071","targetHints":{"allow":["GET"]}}],"collection":[{"href":"https:\/\/themisfiskeri.dk\/sv\/wp-json\/wp\/v2\/pages"}],"about":[{"href":"https:\/\/themisfiskeri.dk\/sv\/wp-json\/wp\/v2\/types\/page"}],"author":[{"embeddable":true,"href":"https:\/\/themisfiskeri.dk\/sv\/wp-json\/wp\/v2\/users\/2"}],"replies":[{"embeddable":true,"href":"https:\/\/themisfiskeri.dk\/sv\/wp-json\/wp\/v2\/comments?post=2071"}],"version-history":[{"count":1,"href":"https:\/\/themisfiskeri.dk\/sv\/wp-json\/wp\/v2\/pages\/2071\/revisions"}],"predecessor-version":[{"id":2073,"href":"https:\/\/themisfiskeri.dk\/sv\/wp-json\/wp\/v2\/pages\/2071\/revisions\/2073"}],"wp:attachment":[{"href":"https:\/\/themisfiskeri.dk\/sv\/wp-json\/wp\/v2\/media?parent=2071"}],"curies":[{"name":"wp","href":"https:\/\/api.w.org\/{rel}","templated":true}]}}