{"id":2056,"date":"2023-04-05T13:24:30","date_gmt":"2023-04-05T13:24:30","guid":{"rendered":"https:\/\/themisfiskeri.kompas360.dk\/cookie-och-integritetspolicy\/"},"modified":"2023-05-30T07:58:22","modified_gmt":"2023-05-30T07:58:22","slug":"cookie-och-integritetspolicy","status":"publish","type":"page","link":"https:\/\/themisfiskeri.dk\/sv\/cookie-och-integritetspolicy\/","title":{"rendered":"Cookie- och integritetspolicy"},"content":{"rendered":"\t\t<div data-elementor-type=\"wp-page\" data-elementor-id=\"2056\" class=\"elementor elementor-2056 elementor-606\">\n\t\t\t\t\t\t\t\t\t<section class=\"elementor-section elementor-top-section elementor-element elementor-element-86699a5 elementor-section-height-min-height elementor-section-boxed elementor-section-height-default elementor-section-items-middle\" data-id=\"86699a5\" data-element_type=\"section\" data-settings=\"{&quot;background_background&quot;:&quot;classic&quot;}\">\n\t\t\t\t\t\t\t<div class=\"elementor-background-overlay\"><\/div>\n\t\t\t\t\t\t\t<div class=\"elementor-container elementor-column-gap-default\">\n\t\t\t\t\t<div class=\"elementor-column elementor-col-100 elementor-top-column elementor-element elementor-element-6fd78c4\" data-id=\"6fd78c4\" data-element_type=\"column\">\n\t\t\t<div class=\"elementor-widget-wrap\">\n\t\t\t\t\t\t\t\t\t<\/div>\n\t\t<\/div>\n\t\t\t\t\t\t\t<\/div>\n\t\t<\/section>\n\t\t\t\t<section class=\"elementor-section elementor-top-section elementor-element elementor-element-edfcbd4 elementor-section-boxed elementor-section-height-default elementor-section-height-default\" data-id=\"edfcbd4\" data-element_type=\"section\">\n\t\t\t\t\t\t<div class=\"elementor-container elementor-column-gap-default\">\n\t\t\t\t\t<div class=\"elementor-column elementor-col-100 elementor-top-column elementor-element elementor-element-7fb6634\" data-id=\"7fb6634\" data-element_type=\"column\">\n\t\t\t<div class=\"elementor-widget-wrap elementor-element-populated\">\n\t\t\t\t\t\t\t\t<div class=\"elementor-element elementor-element-4774fef elementor-widget elementor-widget-heading\" data-id=\"4774fef\" data-element_type=\"widget\" data-widget_type=\"heading.default\">\n\t\t\t\t<div class=\"elementor-widget-container\">\n\t\t\t<style>\/*! elementor - v3.11.3 - 07-03-2023 *\/\n.elementor-heading-title{padding:0;margin:0;line-height:1}.elementor-widget-heading .elementor-heading-title[class*=elementor-size-]>a{color:inherit;font-size:inherit;line-height:inherit}.elementor-widget-heading .elementor-heading-title.elementor-size-small{font-size:15px}.elementor-widget-heading .elementor-heading-title.elementor-size-medium{font-size:19px}.elementor-widget-heading .elementor-heading-title.elementor-size-large{font-size:29px}.elementor-widget-heading .elementor-heading-title.elementor-size-xl{font-size:39px}.elementor-widget-heading .elementor-heading-title.elementor-size-xxl{font-size:59px}<\/style><h2 class=\"elementor-heading-title elementor-size-default\">Cookie- och integritetspolicy<\/h2>\t\t<\/div>\n\t\t\t\t<\/div>\n\t\t\t\t<div class=\"elementor-element elementor-element-ca70a6f elementor-widget elementor-widget-text-editor\" data-id=\"ca70a6f\" data-element_type=\"widget\" data-widget_type=\"text-editor.default\">\n\t\t\t\t<div class=\"elementor-widget-container\">\n\t\t\t<style>\/*! elementor - v3.11.3 - 07-03-2023 *\/\n.elementor-widget-text-editor.elementor-drop-cap-view-stacked .elementor-drop-cap{background-color:#818a91;color:#fff}.elementor-widget-text-editor.elementor-drop-cap-view-framed .elementor-drop-cap{color:#818a91;border:3px solid;background-color:transparent}.elementor-widget-text-editor:not(.elementor-drop-cap-view-default) .elementor-drop-cap{margin-top:8px}.elementor-widget-text-editor:not(.elementor-drop-cap-view-default) .elementor-drop-cap-letter{width:1em;height:1em}.elementor-widget-text-editor .elementor-drop-cap{float:left;text-align:center;line-height:1;font-size:50px}.elementor-widget-text-editor .elementor-drop-cap-letter{display:inline-block}<\/style>\t\t\t\t<p>Cookie- och integritetspolicy p\u00e5 THEMIS FISKERI A\/S<\/p>\n<p>Inledning<br \/>N\u00e4r du bes\u00f6ker v\u00e5r webbplats samlas information in om dig som anv\u00e4nds f\u00f6r att anpassa och f\u00f6rb\u00e4ttra v\u00e5rt inneh\u00e5ll och f\u00f6r att \u00f6ka v\u00e4rdet p\u00e5 de annonser som visas p\u00e5 webbplatsen. Om du inte vill att information ska samlas in b\u00f6r du radera dina cookies (se instruktioner) och avst\u00e5 fr\u00e5n vidare anv\u00e4ndning av webbplatsen. Nedan har vi beskrivit vilken information som samlas in, dess syfte och vilka tredje parter som har tillg\u00e5ng till den.<\/p>\n<p>Kakor<br \/>Webbplatsen anv\u00e4nder &#8221;cookies&#8221;, vilket \u00e4r en textfil som lagras p\u00e5 din dator, mobiltelefon eller liknande i syfte att k\u00e4nna igen den, komma ih\u00e5g inst\u00e4llningar, utf\u00f6ra statistik och rikta annonser. Cookies kan inte inneh\u00e5lla skadlig kod, t.ex. virus.<\/p>\n<p>Det \u00e4r m\u00f6jligt att radera eller blockera cookies. Se guiden: http:\/\/minecookies.org\/cookiehandtering<\/p>\n<p>Om du tar bort eller blockerar cookies kan annonserna bli mindre relevanta f\u00f6r dig och visas oftare. Du kan ocks\u00e5 riskera att webbplatsen inte fungerar optimalt och att det finns inneh\u00e5ll som du inte kan komma \u00e5t.<\/p>\n<\/p>\n<p>Personuppgifter<\/p>\n<p>Allm\u00e4nt<br \/>Personuppgifter \u00e4r all slags information som i n\u00e5gon m\u00e5n kan h\u00e4nf\u00f6ras till dig. N\u00e4r du anv\u00e4nder v\u00e5r webbplats samlar vi in och behandlar en rad s\u00e5dana uppgifter. Detta sker t.ex. n\u00e4r du tar del av inneh\u00e5ll, anm\u00e4ler dig till v\u00e5rt nyhetsbrev, deltar i t\u00e4vlingar eller unders\u00f6kningar, registrerar dig som anv\u00e4ndare eller prenumerant, anv\u00e4nder andra tj\u00e4nster eller g\u00f6r ink\u00f6p via webbplatsen.<\/p>\n<p>Vi samlar vanligtvis in och behandlar f\u00f6ljande typer av information: Ett unikt ID och teknisk information om din dator, surfplatta eller mobiltelefon, ditt IP-nummer, geografisk plats och vilka sidor du klickar p\u00e5 (intressen). I den m\u00e5n du uttryckligen samtycker till detta och sj\u00e4lv anger uppgifterna kommer \u00e4ven f\u00f6ljande att behandlas Namn, telefonnummer, e-postadress, adress och betalningsuppgifter. Detta sker vanligtvis i samband med att du skapar en inloggning eller genomf\u00f6r ett k\u00f6p.<\/p>\n<p>S\u00e4kerhet och trygghet<br \/>Vi behandlar dina personuppgifter p\u00e5 ett s\u00e4kert och konfidentiellt s\u00e4tt i enlighet med till\u00e4mpliga lagar, inklusive den allm\u00e4nna dataskyddsf\u00f6rordningen och dataskyddslagen.<br \/>Dina uppgifter kommer endast att anv\u00e4ndas f\u00f6r det \u00e4ndam\u00e5l f\u00f6r vilket de samlades in och kommer att raderas n\u00e4r detta \u00e4ndam\u00e5l \u00e4r uppfyllt eller inte l\u00e4ngre \u00e4r relevant.<br \/>Vi har vidtagit tekniska och organisatoriska \u00e5tg\u00e4rder f\u00f6r att f\u00f6rhindra att dina uppgifter oavsiktligt eller olagligt raderas, publiceras, f\u00f6rloras, f\u00f6rs\u00e4mras eller avsl\u00f6jas f\u00f6r obeh\u00f6riga personer, missbrukas eller p\u00e5 annat s\u00e4tt behandlas i strid med lagen.<\/p>\n<p>Syfte<br \/>Informationen anv\u00e4nds f\u00f6r att identifiera dig som anv\u00e4ndare och visa dig de annonser som mest sannolikt \u00e4r relevanta f\u00f6r dig, f\u00f6r att registrera dina ink\u00f6p och betalningar samt f\u00f6r att tillhandah\u00e5lla de tj\u00e4nster du har beg\u00e4rt, t.ex. att skicka ett nyhetsbrev. Dessutom anv\u00e4nder vi uppgifterna f\u00f6r att optimera v\u00e5ra tj\u00e4nster och v\u00e5rt inneh\u00e5ll.<\/p>\n<p>Lagringsperiod<br \/>Informationen lagras under den tid som lagen till\u00e5ter och vi raderar den n\u00e4r den inte l\u00e4ngre beh\u00f6vs. Perioden beror p\u00e5 vilken typ av information det r\u00f6r sig om och anledningen till lagringen. Det \u00e4r d\u00e4rf\u00f6r inte m\u00f6jligt att ange en allm\u00e4n tidsram f\u00f6r n\u00e4r information raderas.<\/p>\n<p>Utl\u00e4mnande av information<br \/>Uppgifter om din anv\u00e4ndning av webbplatsen, vilka annonser du f\u00e5r och eventuellt klickar p\u00e5, geografisk plats, k\u00f6n och \u00e5lderssegment etc. l\u00e4mnas ut till tredje part i den utstr\u00e4ckning som dessa uppgifter \u00e4r k\u00e4nda. Du kan se vilka tredje parter det r\u00f6r sig om i avsnittet &#8221;Cookies&#8221; ovan. Informationen anv\u00e4nds f\u00f6r att rikta reklam.<\/p>\n<p>Vi anv\u00e4nder ocks\u00e5 ett antal tredje parter f\u00f6r lagring och bearbetning av data. De behandlar endast uppgifterna f\u00f6r v\u00e5r r\u00e4kning och f\u00e5r inte anv\u00e4nda dem f\u00f6r egna \u00e4ndam\u00e5l.<\/p>\n<p>Utl\u00e4mnande av personuppgifter s\u00e5som namn och e-postadress etc. kommer endast att ske om du samtycker till det. Vi anv\u00e4nder endast personuppgiftsbitr\u00e4den inom EU eller i l\u00e4nder som kan erbjuda ett adekvat skydd f\u00f6r dina uppgifter.<\/p>\n<p>Insikter och klagom\u00e5l<br \/>Du har r\u00e4tt att f\u00e5 information om de personuppgifter vi behandlar om dig i ett allm\u00e4nt anv\u00e4nt format (dataportabilitet). Du kan ocks\u00e5 n\u00e4r som helst inv\u00e4nda mot anv\u00e4ndningen av information. Du kan ocks\u00e5 \u00e5terkalla ditt samtycke till behandlingen av dina uppgifter. Om de uppgifter som behandlas om dig \u00e4r felaktiga har du r\u00e4tt att f\u00e5 dem r\u00e4ttade eller raderade. F\u00f6rfr\u00e5gningar kan st\u00e4llas till: elizabeth@themis.se. Om du vill klaga p\u00e5 v\u00e5r behandling av dina personuppgifter kan du ocks\u00e5 kontakta den danska dataskyddsmyndigheten.<br \/>Om du inte l\u00e4ngre vill att vi ska behandla dina personuppgifter eller begr\u00e4nsa behandlingen av dina personuppgifter kan du ocks\u00e5 skicka oss en beg\u00e4ran till den ovan angivna e-postadressen.<\/p>\n<p>Utgivare<br \/>Webbplatsen \u00e4gs och publiceras av:<\/p>\n<p>THEMIS FISKERI A\/S<br \/>V\u00e4stra kajen 8<br \/>9990 Skagen<br \/>Telefon: 61488105<br \/>E-post: elizabeth@themis.se<\/p><\/p>\n\t\t\t\t\t\t<\/div>\n\t\t\t\t<\/div>\n\t\t\t\t\t<\/div>\n\t\t<\/div>\n\t\t\t\t\t\t\t<\/div>\n\t\t<\/section>\n\t\t\t\t\t\t\t<\/div>\n\t\t","protected":false},"excerpt":{"rendered":"<p>Cookie- och integritetspolicy Cookie- och integritetspolicy p\u00e5 THEMIS FISKERI A\/S InledningN\u00e4r du bes\u00f6ker v\u00e5r webbplats samlas information in om dig som anv\u00e4nds f\u00f6r att anpassa och f\u00f6rb\u00e4ttra v\u00e5rt inneh\u00e5ll och f\u00f6r att \u00f6ka v\u00e4rdet p\u00e5 de annonser som visas p\u00e5 webbplatsen. Om du inte vill att information ska samlas in b\u00f6r du radera dina cookies [&hellip;]<\/p>\n","protected":false},"author":2,"featured_media":0,"parent":0,"menu_order":0,"comment_status":"closed","ping_status":"closed","template":"","meta":{"footnotes":""},"class_list":["post-2056","page","type-page","status-publish","hentry"],"yoast_head":"<!-- This site is optimized with the Yoast SEO plugin v20.8 - https:\/\/yoast.com\/wordpress\/plugins\/seo\/ -->\n<title>Cookie- och integritetspolicy - Themis Fiskeri A\/S<\/title>\n<meta name=\"robots\" content=\"index, follow, max-snippet:-1, max-image-preview:large, max-video-preview:-1\" \/>\n<link rel=\"canonical\" href=\"https:\/\/themisfiskeri.dk\/sv\/cookie-och-integritetspolicy\/\" \/>\n<meta property=\"og:locale\" content=\"sv_SE\" \/>\n<meta property=\"og:type\" content=\"article\" \/>\n<meta property=\"og:title\" content=\"Cookie- och integritetspolicy - Themis Fiskeri A\/S\" \/>\n<meta property=\"og:description\" content=\"Cookie- och integritetspolicy Cookie- och integritetspolicy p\u00e5 THEMIS FISKERI A\/S InledningN\u00e4r du bes\u00f6ker v\u00e5r webbplats samlas information in om dig som anv\u00e4nds f\u00f6r att anpassa och f\u00f6rb\u00e4ttra v\u00e5rt inneh\u00e5ll och f\u00f6r att \u00f6ka v\u00e4rdet p\u00e5 de annonser som visas p\u00e5 webbplatsen. Om du inte vill att information ska samlas in b\u00f6r du radera dina cookies [&hellip;]\" \/>\n<meta property=\"og:url\" content=\"https:\/\/themisfiskeri.dk\/sv\/cookie-och-integritetspolicy\/\" \/>\n<meta property=\"og:site_name\" content=\"Themis Fiskeri A\/S\" \/>\n<meta property=\"article:publisher\" content=\"https:\/\/www.facebook.com\/groups\/324376388354339\/\" \/>\n<meta property=\"article:modified_time\" content=\"2023-05-30T07:58:22+00:00\" \/>\n<meta name=\"twitter:card\" content=\"summary_large_image\" \/>\n<meta name=\"twitter:label1\" content=\"Ber\u00e4knad l\u00e4stid\" \/>\n\t<meta name=\"twitter:data1\" content=\"4 minuter\" \/>\n<script type=\"application\/ld+json\" class=\"yoast-schema-graph\">{\"@context\":\"https:\/\/schema.org\",\"@graph\":[{\"@type\":\"WebPage\",\"@id\":\"https:\/\/themisfiskeri.dk\/sv\/cookie-och-integritetspolicy\/\",\"url\":\"https:\/\/themisfiskeri.dk\/sv\/cookie-och-integritetspolicy\/\",\"name\":\"Cookie- och integritetspolicy - Themis Fiskeri A\/S\",\"isPartOf\":{\"@id\":\"https:\/\/themisfiskeri.dk\/#website\"},\"datePublished\":\"2023-04-05T13:24:30+00:00\",\"dateModified\":\"2023-05-30T07:58:22+00:00\",\"breadcrumb\":{\"@id\":\"https:\/\/themisfiskeri.dk\/sv\/cookie-och-integritetspolicy\/#breadcrumb\"},\"inLanguage\":\"sv-SE\",\"potentialAction\":[{\"@type\":\"ReadAction\",\"target\":[\"https:\/\/themisfiskeri.dk\/sv\/cookie-och-integritetspolicy\/\"]}]},{\"@type\":\"BreadcrumbList\",\"@id\":\"https:\/\/themisfiskeri.dk\/sv\/cookie-och-integritetspolicy\/#breadcrumb\",\"itemListElement\":[{\"@type\":\"ListItem\",\"position\":1,\"name\":\"Hjem\",\"item\":\"https:\/\/themisfiskeri.dk\/\"},{\"@type\":\"ListItem\",\"position\":2,\"name\":\"Cookie- och integritetspolicy\"}]},{\"@type\":\"WebSite\",\"@id\":\"https:\/\/themisfiskeri.dk\/#website\",\"url\":\"https:\/\/themisfiskeri.dk\/\",\"name\":\"Themis Fiskeri A\/S\",\"description\":\"\",\"publisher\":{\"@id\":\"https:\/\/themisfiskeri.dk\/#organization\"},\"potentialAction\":[{\"@type\":\"SearchAction\",\"target\":{\"@type\":\"EntryPoint\",\"urlTemplate\":\"https:\/\/themisfiskeri.dk\/?s={search_term_string}\"},\"query-input\":\"required name=search_term_string\"}],\"inLanguage\":\"sv-SE\"},{\"@type\":\"Organization\",\"@id\":\"https:\/\/themisfiskeri.dk\/#organization\",\"name\":\"Themis Fiskeri A\/S\",\"url\":\"https:\/\/themisfiskeri.dk\/\",\"logo\":{\"@type\":\"ImageObject\",\"inLanguage\":\"sv-SE\",\"@id\":\"https:\/\/themisfiskeri.dk\/#\/schema\/logo\/image\/\",\"url\":\"https:\/\/themisfiskeri.dk\/wp-content\/uploads\/2023\/03\/cropped-logo-1.png\",\"contentUrl\":\"https:\/\/themisfiskeri.dk\/wp-content\/uploads\/2023\/03\/cropped-logo-1.png\",\"width\":680,\"height\":170,\"caption\":\"Themis Fiskeri A\/S\"},\"image\":{\"@id\":\"https:\/\/themisfiskeri.dk\/#\/schema\/logo\/image\/\"},\"sameAs\":[\"https:\/\/www.facebook.com\/groups\/324376388354339\/\",\"https:\/\/www.instagram.com\/s144themis\/\"]}]}<\/script>\n<!-- \/ Yoast SEO plugin. -->","yoast_head_json":{"title":"Cookie- och integritetspolicy - Themis Fiskeri A\/S","robots":{"index":"index","follow":"follow","max-snippet":"max-snippet:-1","max-image-preview":"max-image-preview:large","max-video-preview":"max-video-preview:-1"},"canonical":"https:\/\/themisfiskeri.dk\/sv\/cookie-och-integritetspolicy\/","og_locale":"sv_SE","og_type":"article","og_title":"Cookie- och integritetspolicy - Themis Fiskeri A\/S","og_description":"Cookie- och integritetspolicy Cookie- och integritetspolicy p\u00e5 THEMIS FISKERI A\/S InledningN\u00e4r du bes\u00f6ker v\u00e5r webbplats samlas information in om dig som anv\u00e4nds f\u00f6r att anpassa och f\u00f6rb\u00e4ttra v\u00e5rt inneh\u00e5ll och f\u00f6r att \u00f6ka v\u00e4rdet p\u00e5 de annonser som visas p\u00e5 webbplatsen. Om du inte vill att information ska samlas in b\u00f6r du radera dina cookies [&hellip;]","og_url":"https:\/\/themisfiskeri.dk\/sv\/cookie-och-integritetspolicy\/","og_site_name":"Themis Fiskeri A\/S","article_publisher":"https:\/\/www.facebook.com\/groups\/324376388354339\/","article_modified_time":"2023-05-30T07:58:22+00:00","twitter_card":"summary_large_image","twitter_misc":{"Ber\u00e4knad l\u00e4stid":"4 minuter"},"schema":{"@context":"https:\/\/schema.org","@graph":[{"@type":"WebPage","@id":"https:\/\/themisfiskeri.dk\/sv\/cookie-och-integritetspolicy\/","url":"https:\/\/themisfiskeri.dk\/sv\/cookie-och-integritetspolicy\/","name":"Cookie- och integritetspolicy - Themis Fiskeri A\/S","isPartOf":{"@id":"https:\/\/themisfiskeri.dk\/#website"},"datePublished":"2023-04-05T13:24:30+00:00","dateModified":"2023-05-30T07:58:22+00:00","breadcrumb":{"@id":"https:\/\/themisfiskeri.dk\/sv\/cookie-och-integritetspolicy\/#breadcrumb"},"inLanguage":"sv-SE","potentialAction":[{"@type":"ReadAction","target":["https:\/\/themisfiskeri.dk\/sv\/cookie-och-integritetspolicy\/"]}]},{"@type":"BreadcrumbList","@id":"https:\/\/themisfiskeri.dk\/sv\/cookie-och-integritetspolicy\/#breadcrumb","itemListElement":[{"@type":"ListItem","position":1,"name":"Hjem","item":"https:\/\/themisfiskeri.dk\/"},{"@type":"ListItem","position":2,"name":"Cookie- och integritetspolicy"}]},{"@type":"WebSite","@id":"https:\/\/themisfiskeri.dk\/#website","url":"https:\/\/themisfiskeri.dk\/","name":"Themis Fiskeri A\/S","description":"","publisher":{"@id":"https:\/\/themisfiskeri.dk\/#organization"},"potentialAction":[{"@type":"SearchAction","target":{"@type":"EntryPoint","urlTemplate":"https:\/\/themisfiskeri.dk\/?s={search_term_string}"},"query-input":"required name=search_term_string"}],"inLanguage":"sv-SE"},{"@type":"Organization","@id":"https:\/\/themisfiskeri.dk\/#organization","name":"Themis Fiskeri A\/S","url":"https:\/\/themisfiskeri.dk\/","logo":{"@type":"ImageObject","inLanguage":"sv-SE","@id":"https:\/\/themisfiskeri.dk\/#\/schema\/logo\/image\/","url":"https:\/\/themisfiskeri.dk\/wp-content\/uploads\/2023\/03\/cropped-logo-1.png","contentUrl":"https:\/\/themisfiskeri.dk\/wp-content\/uploads\/2023\/03\/cropped-logo-1.png","width":680,"height":170,"caption":"Themis Fiskeri A\/S"},"image":{"@id":"https:\/\/themisfiskeri.dk\/#\/schema\/logo\/image\/"},"sameAs":["https:\/\/www.facebook.com\/groups\/324376388354339\/","https:\/\/www.instagram.com\/s144themis\/"]}]}},"_links":{"self":[{"href":"https:\/\/themisfiskeri.dk\/sv\/wp-json\/wp\/v2\/pages\/2056","targetHints":{"allow":["GET"]}}],"collection":[{"href":"https:\/\/themisfiskeri.dk\/sv\/wp-json\/wp\/v2\/pages"}],"about":[{"href":"https:\/\/themisfiskeri.dk\/sv\/wp-json\/wp\/v2\/types\/page"}],"author":[{"embeddable":true,"href":"https:\/\/themisfiskeri.dk\/sv\/wp-json\/wp\/v2\/users\/2"}],"replies":[{"embeddable":true,"href":"https:\/\/themisfiskeri.dk\/sv\/wp-json\/wp\/v2\/comments?post=2056"}],"version-history":[{"count":1,"href":"https:\/\/themisfiskeri.dk\/sv\/wp-json\/wp\/v2\/pages\/2056\/revisions"}],"predecessor-version":[{"id":2061,"href":"https:\/\/themisfiskeri.dk\/sv\/wp-json\/wp\/v2\/pages\/2056\/revisions\/2061"}],"wp:attachment":[{"href":"https:\/\/themisfiskeri.dk\/sv\/wp-json\/wp\/v2\/media?parent=2056"}],"curies":[{"name":"wp","href":"https:\/\/api.w.org\/{rel}","templated":true}]}}