{"id":1416,"date":"2023-04-05T10:00:56","date_gmt":"2023-04-05T10:00:56","guid":{"rendered":"https:\/\/themisfiskeri.kompas360.dk\/lediga-jobb\/"},"modified":"2023-06-06T12:44:00","modified_gmt":"2023-06-06T12:44:00","slug":"lediga-jobb","status":"publish","type":"page","link":"https:\/\/themisfiskeri.dk\/sv\/lediga-jobb\/","title":{"rendered":"Lediga jobb"},"content":{"rendered":"\t\t<div data-elementor-type=\"wp-page\" data-elementor-id=\"1416\" class=\"elementor elementor-1416 elementor-452\">\n\t\t\t\t\t\t\t\t\t<section class=\"elementor-section elementor-top-section elementor-element elementor-element-fb814b9 elementor-section-height-min-height elementor-section-boxed elementor-section-height-default elementor-section-items-middle\" data-id=\"fb814b9\" data-element_type=\"section\" data-settings=\"{&quot;background_background&quot;:&quot;classic&quot;}\">\n\t\t\t\t\t\t\t<div class=\"elementor-background-overlay\"><\/div>\n\t\t\t\t\t\t\t<div class=\"elementor-container elementor-column-gap-default\">\n\t\t\t\t\t<div class=\"elementor-column elementor-col-100 elementor-top-column elementor-element elementor-element-a5031a6\" data-id=\"a5031a6\" data-element_type=\"column\">\n\t\t\t<div class=\"elementor-widget-wrap elementor-element-populated\">\n\t\t\t\t\t\t\t\t<div class=\"elementor-element elementor-element-e502317 elementor-widget elementor-widget-heading\" data-id=\"e502317\" data-element_type=\"widget\" data-widget_type=\"heading.default\">\n\t\t\t\t<div class=\"elementor-widget-container\">\n\t\t\t<style>\/*! elementor - v3.11.3 - 07-03-2023 *\/\n.elementor-heading-title{padding:0;margin:0;line-height:1}.elementor-widget-heading .elementor-heading-title[class*=elementor-size-]>a{color:inherit;font-size:inherit;line-height:inherit}.elementor-widget-heading .elementor-heading-title.elementor-size-small{font-size:15px}.elementor-widget-heading .elementor-heading-title.elementor-size-medium{font-size:19px}.elementor-widget-heading .elementor-heading-title.elementor-size-large{font-size:29px}.elementor-widget-heading .elementor-heading-title.elementor-size-xl{font-size:39px}.elementor-widget-heading .elementor-heading-title.elementor-size-xxl{font-size:59px}<\/style><h2 class=\"elementor-heading-title elementor-size-default\">Lediga jobb<\/h2>\t\t<\/div>\n\t\t\t\t<\/div>\n\t\t\t\t\t<\/div>\n\t\t<\/div>\n\t\t\t\t\t\t\t<\/div>\n\t\t<\/section>\n\t\t\t\t<section class=\"elementor-section elementor-top-section elementor-element elementor-element-64d7ba4 elementor-section-boxed elementor-section-height-default elementor-section-height-default\" data-id=\"64d7ba4\" data-element_type=\"section\">\n\t\t\t\t\t\t<div class=\"elementor-container elementor-column-gap-extended\">\n\t\t\t\t\t<div class=\"elementor-column elementor-col-50 elementor-top-column elementor-element elementor-element-8f99a39\" data-id=\"8f99a39\" data-element_type=\"column\">\n\t\t\t<div class=\"elementor-widget-wrap elementor-element-populated\">\n\t\t\t\t\t\t\t\t<div class=\"elementor-element elementor-element-ecb9698 elementor-widget elementor-widget-text-editor\" data-id=\"ecb9698\" data-element_type=\"widget\" data-widget_type=\"text-editor.default\">\n\t\t\t\t<div class=\"elementor-widget-container\">\n\t\t\t<style>\/*! elementor - v3.11.3 - 07-03-2023 *\/\n.elementor-widget-text-editor.elementor-drop-cap-view-stacked .elementor-drop-cap{background-color:#818a91;color:#fff}.elementor-widget-text-editor.elementor-drop-cap-view-framed .elementor-drop-cap{color:#818a91;border:3px solid;background-color:transparent}.elementor-widget-text-editor:not(.elementor-drop-cap-view-default) .elementor-drop-cap{margin-top:8px}.elementor-widget-text-editor:not(.elementor-drop-cap-view-default) .elementor-drop-cap-letter{width:1em;height:1em}.elementor-widget-text-editor .elementor-drop-cap{float:left;text-align:center;line-height:1;font-size:50px}.elementor-widget-text-editor .elementor-drop-cap-letter{display:inline-block}<\/style>\t\t\t\t<p id=\"tw-target-text\" class=\"tw-data-text tw-text-large tw-ta\" dir=\"ltr\" data-placeholder=\"Overs\u00e6ttelse\"><span class=\"Y2IQFc\" lang=\"sv\">\u00c4ven om vi inte har ont om folk just nu \u00e4r du alltid v\u00e4lkommen att skicka en o\u00f6nskad ans\u00f6kan till oss, oavsett nationalitet eller om det \u00e4r som skeppare, styrman, vid maskinen eller p\u00e5 d\u00e4ck. <\/span><\/p><p class=\"tw-data-text tw-text-large tw-ta\" dir=\"ltr\" data-placeholder=\"Overs\u00e6ttelse\"><span class=\"Y2IQFc\" lang=\"sv\">Du kommer alltid att f\u00e5 svar, \u00e4ven om det inte finns n\u00e5got tillg\u00e4ngligt. <\/span><\/p><p class=\"tw-data-text tw-text-large tw-ta\" dir=\"ltr\" data-placeholder=\"Overs\u00e6ttelse\"><span class=\"Y2IQFc\" lang=\"sv\">Ans\u00f6kningar kan skickas till:<\/span><\/p><p class=\"tw-data-text tw-text-large tw-ta\" dir=\"ltr\" data-placeholder=\"Overs\u00e6ttelse\"><span class=\"Y2IQFc\" lang=\"sv\">Themis Fiskeri A\/S p\u00e5 mail: info@themis.se<\/span><\/p>\t\t\t\t\t\t<\/div>\n\t\t\t\t<\/div>\n\t\t\t\t\t<\/div>\n\t\t<\/div>\n\t\t\t\t<div class=\"elementor-column elementor-col-50 elementor-top-column elementor-element elementor-element-4cc97b2\" data-id=\"4cc97b2\" data-element_type=\"column\">\n\t\t\t<div class=\"elementor-widget-wrap elementor-element-populated\">\n\t\t\t\t\t\t\t\t<div class=\"elementor-element elementor-element-f642b66 e-transform elementor-widget elementor-widget-image\" data-id=\"f642b66\" data-element_type=\"widget\" data-settings=\"{&quot;_transform_flipX_effect&quot;:&quot;transform&quot;}\" data-widget_type=\"image.default\">\n\t\t\t\t<div class=\"elementor-widget-container\">\n\t\t\t<style>\/*! elementor - v3.11.3 - 07-03-2023 *\/\n.elementor-widget-image{text-align:center}.elementor-widget-image a{display:inline-block}.elementor-widget-image a img[src$=\".svg\"]{width:48px}.elementor-widget-image img{vertical-align:middle;display:inline-block}<\/style>\t\t\t\t\t\t\t\t\t\t\t\t<img loading=\"lazy\" decoding=\"async\" width=\"1261\" height=\"1261\" src=\"https:\/\/themisfiskeri.dk\/wp-content\/uploads\/2023\/03\/3-25.jpg\" class=\"attachment-full size-full wp-image-218\" alt=\"\" srcset=\"https:\/\/themisfiskeri.dk\/wp-content\/uploads\/2023\/03\/3-25.jpg 1261w, https:\/\/themisfiskeri.dk\/wp-content\/uploads\/2023\/03\/3-25-300x300.jpg 300w, https:\/\/themisfiskeri.dk\/wp-content\/uploads\/2023\/03\/3-25-1024x1024.jpg 1024w, https:\/\/themisfiskeri.dk\/wp-content\/uploads\/2023\/03\/3-25-150x150.jpg 150w, https:\/\/themisfiskeri.dk\/wp-content\/uploads\/2023\/03\/3-25-768x768.jpg 768w\" sizes=\"auto, (max-width: 1261px) 100vw, 1261px\" \/>\t\t\t\t\t\t\t\t\t\t\t\t\t\t\t<\/div>\n\t\t\t\t<\/div>\n\t\t\t\t\t<\/div>\n\t\t<\/div>\n\t\t\t\t\t\t\t<\/div>\n\t\t<\/section>\n\t\t\t\t\t\t\t<\/div>\n\t\t","protected":false},"excerpt":{"rendered":"<p>Lediga jobb \u00c4ven om vi inte har ont om folk just nu \u00e4r du alltid v\u00e4lkommen att skicka en o\u00f6nskad ans\u00f6kan till oss, oavsett nationalitet eller om det \u00e4r som skeppare, styrman, vid maskinen eller p\u00e5 d\u00e4ck. Du kommer alltid att f\u00e5 svar, \u00e4ven om det inte finns n\u00e5got tillg\u00e4ngligt. Ans\u00f6kningar kan skickas till: Themis [&hellip;]<\/p>\n","protected":false},"author":2,"featured_media":0,"parent":0,"menu_order":0,"comment_status":"closed","ping_status":"closed","template":"","meta":{"footnotes":""},"class_list":["post-1416","page","type-page","status-publish","hentry"],"yoast_head":"<!-- This site is optimized with the Yoast SEO plugin v20.8 - https:\/\/yoast.com\/wordpress\/plugins\/seo\/ -->\n<title>Lediga jobb - Themis Fiskeri A\/S<\/title>\n<meta name=\"description\" content=\"Lediga jobb - \u00c4ven om vi inte har ont om folk just nu \u00e4r du alltid v\u00e4lkommen att skicka en o\u00f6nskad ans\u00f6kan till oss\" \/>\n<meta name=\"robots\" content=\"index, follow, max-snippet:-1, max-image-preview:large, max-video-preview:-1\" \/>\n<link rel=\"canonical\" href=\"https:\/\/themisfiskeri.dk\/ledige-stillinger\/\" \/>\n<meta property=\"og:locale\" content=\"sv_SE\" \/>\n<meta property=\"og:type\" content=\"article\" \/>\n<meta property=\"og:title\" content=\"Lediga jobb - Themis Fiskeri A\/S\" \/>\n<meta property=\"og:description\" content=\"Lediga jobb - \u00c4ven om vi inte har ont om folk just nu \u00e4r du alltid v\u00e4lkommen att skicka en o\u00f6nskad ans\u00f6kan till oss\" \/>\n<meta property=\"og:url\" content=\"https:\/\/themisfiskeri.dk\/ledige-stillinger\/\" \/>\n<meta property=\"og:site_name\" content=\"Themis Fiskeri A\/S\" \/>\n<meta property=\"article:publisher\" content=\"https:\/\/www.facebook.com\/groups\/324376388354339\/\" \/>\n<meta property=\"article:modified_time\" content=\"2023-06-06T12:44:00+00:00\" \/>\n<meta property=\"og:image\" content=\"https:\/\/themisfiskeri.dk\/wp-content\/uploads\/2023\/03\/3-25.jpg\" \/>\n<meta name=\"twitter:card\" content=\"summary_large_image\" \/>\n<meta name=\"twitter:label1\" content=\"Ber\u00e4knad l\u00e4stid\" \/>\n\t<meta name=\"twitter:data1\" content=\"1 minut\" \/>\n<script type=\"application\/ld+json\" class=\"yoast-schema-graph\">{\"@context\":\"https:\/\/schema.org\",\"@graph\":[{\"@type\":\"WebPage\",\"@id\":\"https:\/\/themisfiskeri.dk\/ledige-stillinger\/\",\"url\":\"https:\/\/themisfiskeri.dk\/ledige-stillinger\/\",\"name\":\"Lediga jobb - Themis Fiskeri A\/S\",\"isPartOf\":{\"@id\":\"https:\/\/themisfiskeri.dk\/#website\"},\"datePublished\":\"2023-04-05T10:00:56+00:00\",\"dateModified\":\"2023-06-06T12:44:00+00:00\",\"description\":\"Lediga jobb - \u00c4ven om vi inte har ont om folk just nu \u00e4r du alltid v\u00e4lkommen att skicka en o\u00f6nskad ans\u00f6kan till oss\",\"breadcrumb\":{\"@id\":\"https:\/\/themisfiskeri.dk\/ledige-stillinger\/#breadcrumb\"},\"inLanguage\":\"sv-SE\",\"potentialAction\":[{\"@type\":\"ReadAction\",\"target\":[\"https:\/\/themisfiskeri.dk\/ledige-stillinger\/\"]}]},{\"@type\":\"BreadcrumbList\",\"@id\":\"https:\/\/themisfiskeri.dk\/ledige-stillinger\/#breadcrumb\",\"itemListElement\":[{\"@type\":\"ListItem\",\"position\":1,\"name\":\"Hjem\",\"item\":\"https:\/\/themisfiskeri.dk\/\"},{\"@type\":\"ListItem\",\"position\":2,\"name\":\"Lediga jobb\"}]},{\"@type\":\"WebSite\",\"@id\":\"https:\/\/themisfiskeri.dk\/#website\",\"url\":\"https:\/\/themisfiskeri.dk\/\",\"name\":\"Themis Fiskeri A\/S\",\"description\":\"\",\"publisher\":{\"@id\":\"https:\/\/themisfiskeri.dk\/#organization\"},\"potentialAction\":[{\"@type\":\"SearchAction\",\"target\":{\"@type\":\"EntryPoint\",\"urlTemplate\":\"https:\/\/themisfiskeri.dk\/?s={search_term_string}\"},\"query-input\":\"required name=search_term_string\"}],\"inLanguage\":\"sv-SE\"},{\"@type\":\"Organization\",\"@id\":\"https:\/\/themisfiskeri.dk\/#organization\",\"name\":\"Themis Fiskeri A\/S\",\"url\":\"https:\/\/themisfiskeri.dk\/\",\"logo\":{\"@type\":\"ImageObject\",\"inLanguage\":\"sv-SE\",\"@id\":\"https:\/\/themisfiskeri.dk\/#\/schema\/logo\/image\/\",\"url\":\"https:\/\/themisfiskeri.dk\/wp-content\/uploads\/2023\/03\/cropped-logo-1.png\",\"contentUrl\":\"https:\/\/themisfiskeri.dk\/wp-content\/uploads\/2023\/03\/cropped-logo-1.png\",\"width\":680,\"height\":170,\"caption\":\"Themis Fiskeri A\/S\"},\"image\":{\"@id\":\"https:\/\/themisfiskeri.dk\/#\/schema\/logo\/image\/\"},\"sameAs\":[\"https:\/\/www.facebook.com\/groups\/324376388354339\/\",\"https:\/\/www.instagram.com\/s144themis\/\"]}]}<\/script>\n<!-- \/ Yoast SEO plugin. -->","yoast_head_json":{"title":"Lediga jobb - Themis Fiskeri A\/S","description":"Lediga jobb - \u00c4ven om vi inte har ont om folk just nu \u00e4r du alltid v\u00e4lkommen att skicka en o\u00f6nskad ans\u00f6kan till oss","robots":{"index":"index","follow":"follow","max-snippet":"max-snippet:-1","max-image-preview":"max-image-preview:large","max-video-preview":"max-video-preview:-1"},"canonical":"https:\/\/themisfiskeri.dk\/ledige-stillinger\/","og_locale":"sv_SE","og_type":"article","og_title":"Lediga jobb - Themis Fiskeri A\/S","og_description":"Lediga jobb - \u00c4ven om vi inte har ont om folk just nu \u00e4r du alltid v\u00e4lkommen att skicka en o\u00f6nskad ans\u00f6kan till oss","og_url":"https:\/\/themisfiskeri.dk\/ledige-stillinger\/","og_site_name":"Themis Fiskeri A\/S","article_publisher":"https:\/\/www.facebook.com\/groups\/324376388354339\/","article_modified_time":"2023-06-06T12:44:00+00:00","og_image":[{"url":"https:\/\/themisfiskeri.dk\/wp-content\/uploads\/2023\/03\/3-25.jpg"}],"twitter_card":"summary_large_image","twitter_misc":{"Ber\u00e4knad l\u00e4stid":"1 minut"},"schema":{"@context":"https:\/\/schema.org","@graph":[{"@type":"WebPage","@id":"https:\/\/themisfiskeri.dk\/ledige-stillinger\/","url":"https:\/\/themisfiskeri.dk\/ledige-stillinger\/","name":"Lediga jobb - Themis Fiskeri A\/S","isPartOf":{"@id":"https:\/\/themisfiskeri.dk\/#website"},"datePublished":"2023-04-05T10:00:56+00:00","dateModified":"2023-06-06T12:44:00+00:00","description":"Lediga jobb - \u00c4ven om vi inte har ont om folk just nu \u00e4r du alltid v\u00e4lkommen att skicka en o\u00f6nskad ans\u00f6kan till oss","breadcrumb":{"@id":"https:\/\/themisfiskeri.dk\/ledige-stillinger\/#breadcrumb"},"inLanguage":"sv-SE","potentialAction":[{"@type":"ReadAction","target":["https:\/\/themisfiskeri.dk\/ledige-stillinger\/"]}]},{"@type":"BreadcrumbList","@id":"https:\/\/themisfiskeri.dk\/ledige-stillinger\/#breadcrumb","itemListElement":[{"@type":"ListItem","position":1,"name":"Hjem","item":"https:\/\/themisfiskeri.dk\/"},{"@type":"ListItem","position":2,"name":"Lediga jobb"}]},{"@type":"WebSite","@id":"https:\/\/themisfiskeri.dk\/#website","url":"https:\/\/themisfiskeri.dk\/","name":"Themis Fiskeri A\/S","description":"","publisher":{"@id":"https:\/\/themisfiskeri.dk\/#organization"},"potentialAction":[{"@type":"SearchAction","target":{"@type":"EntryPoint","urlTemplate":"https:\/\/themisfiskeri.dk\/?s={search_term_string}"},"query-input":"required name=search_term_string"}],"inLanguage":"sv-SE"},{"@type":"Organization","@id":"https:\/\/themisfiskeri.dk\/#organization","name":"Themis Fiskeri A\/S","url":"https:\/\/themisfiskeri.dk\/","logo":{"@type":"ImageObject","inLanguage":"sv-SE","@id":"https:\/\/themisfiskeri.dk\/#\/schema\/logo\/image\/","url":"https:\/\/themisfiskeri.dk\/wp-content\/uploads\/2023\/03\/cropped-logo-1.png","contentUrl":"https:\/\/themisfiskeri.dk\/wp-content\/uploads\/2023\/03\/cropped-logo-1.png","width":680,"height":170,"caption":"Themis Fiskeri A\/S"},"image":{"@id":"https:\/\/themisfiskeri.dk\/#\/schema\/logo\/image\/"},"sameAs":["https:\/\/www.facebook.com\/groups\/324376388354339\/","https:\/\/www.instagram.com\/s144themis\/"]}]}},"_links":{"self":[{"href":"https:\/\/themisfiskeri.dk\/sv\/wp-json\/wp\/v2\/pages\/1416","targetHints":{"allow":["GET"]}}],"collection":[{"href":"https:\/\/themisfiskeri.dk\/sv\/wp-json\/wp\/v2\/pages"}],"about":[{"href":"https:\/\/themisfiskeri.dk\/sv\/wp-json\/wp\/v2\/types\/page"}],"author":[{"embeddable":true,"href":"https:\/\/themisfiskeri.dk\/sv\/wp-json\/wp\/v2\/users\/2"}],"replies":[{"embeddable":true,"href":"https:\/\/themisfiskeri.dk\/sv\/wp-json\/wp\/v2\/comments?post=1416"}],"version-history":[{"count":11,"href":"https:\/\/themisfiskeri.dk\/sv\/wp-json\/wp\/v2\/pages\/1416\/revisions"}],"predecessor-version":[{"id":5822,"href":"https:\/\/themisfiskeri.dk\/sv\/wp-json\/wp\/v2\/pages\/1416\/revisions\/5822"}],"wp:attachment":[{"href":"https:\/\/themisfiskeri.dk\/sv\/wp-json\/wp\/v2\/media?parent=1416"}],"curies":[{"name":"wp","href":"https:\/\/api.w.org\/{rel}","templated":true}]}}